{"id":217,"date":"2012-05-10T20:27:56","date_gmt":"2012-05-10T20:27:56","guid":{"rendered":"http:\/\/www.odilemojon.fr\/?page_id=217"},"modified":"2024-06-27T17:10:00","modified_gmt":"2024-06-27T15:10:00","slug":"profession-de-foi","status":"publish","type":"page","link":"https:\/\/www.odilemojon.com\/?page_id=217","title":{"rendered":"Profession de foi et bulletin de vote"},"content":{"rendered":"\n<p>Dans cette page, vous trouverez ma profession de foi, en fran\u00e7ais et en anglais (pour les pays anglophones), mon bulletin de vote, et mon affiche de campagne ainsi qu&rsquo;une version en anglais de ma profession de foi \u00e0 destination des pays anglophones.<\/p>\n\n\n\n<h2 class=\"wp-block-heading\">Ma profession de foi<\/h2>\n\n\n\n<div data-wp-interactive=\"core\/file\" class=\"wp-block-file\"><object data-wp-bind--hidden=\"!state.hasPdfPreview\" hidden class=\"wp-block-file__embed\" data=\"https:\/\/www.odilemojon.com\/wp-content\/uploads\/2024\/06\/202406_OMC_profession-de-foi.pdf\" type=\"application\/pdf\" style=\"width:100%;height:600px\" aria-label=\"Contenu embarqu\u00e9 202406_OMC_profession-de-foi.\"><\/object><a id=\"wp-block-file--media-725a7d5e-35dd-49d8-b34f-af3d36f6e871\" href=\"https:\/\/www.odilemojon.com\/wp-content\/uploads\/2024\/06\/202406_OMC_profession-de-foi.pdf\">202406_OMC_profession-de-foi<\/a><a href=\"https:\/\/www.odilemojon.com\/wp-content\/uploads\/2024\/06\/202406_OMC_profession-de-foi.pdf\" class=\"wp-block-file__button wp-element-button\" download aria-describedby=\"wp-block-file--media-725a7d5e-35dd-49d8-b34f-af3d36f6e871\">T\u00e9l\u00e9charger<\/a><\/div>\n\n\n\n<h2 class=\"wp-block-heading\">Pour les pays anglophones, version en anglais<\/h2>\n\n\n\n<div data-wp-interactive=\"core\/file\" class=\"wp-block-file\"><object data-wp-bind--hidden=\"!state.hasPdfPreview\" hidden class=\"wp-block-file__embed\" data=\"https:\/\/www.odilemojon.com\/wp-content\/uploads\/2024\/06\/OMC_ProfessionDeFoi_CIRCO10_en.pdf\" type=\"application\/pdf\" style=\"width:100%;height:600px\" aria-label=\"Contenu embarqu\u00e9 OMC_ProfessionDeFoi_CIRCO10_en.\"><\/object><a id=\"wp-block-file--media-8ee6e454-aa7f-4d6b-8987-d7cc3290918e\" href=\"https:\/\/www.odilemojon.com\/wp-content\/uploads\/2024\/06\/OMC_ProfessionDeFoi_CIRCO10_en.pdf\">OMC_ProfessionDeFoi_CIRCO10_en<\/a><a href=\"https:\/\/www.odilemojon.com\/wp-content\/uploads\/2024\/06\/OMC_ProfessionDeFoi_CIRCO10_en.pdf\" class=\"wp-block-file__button wp-element-button\" download aria-describedby=\"wp-block-file--media-8ee6e454-aa7f-4d6b-8987-d7cc3290918e\">T\u00e9l\u00e9charger<\/a><\/div>\n\n\n\n<h2 class=\"wp-block-heading\">Mon bulletin de vote<\/h2>\n\n\n\n<p>Nos bulletins de vote ont \u00e9t\u00e9 envoy\u00e9s aux ambassades et consulats. Toutefois, compte tenu de la pr\u00e9cipitation dans laquelle se d\u00e9roule cette campagne, n&rsquo;h\u00e9sitez-pas \u00e0 l&rsquo;imprimer, au cas o\u00f9, en utilisant le pdf ci-dessous. Attention, il faut l&rsquo;imprimer A LA TAILLE REELLE puis le d\u00e9couper soigneusement \u00e0 la bonne taille en vous aidant des traits de coupe.<\/p>\n\n\n\n<div data-wp-interactive=\"core\/file\" class=\"wp-block-file\"><object data-wp-bind--hidden=\"!state.hasPdfPreview\" hidden class=\"wp-block-file__embed\" data=\"https:\/\/www.odilemojon.com\/wp-content\/uploads\/2024\/06\/bulletin_de_vote_Odile_Mojon_Cheminade_A_IMPRIMER_A_TAILLE_REELLE-1.pdf\" type=\"application\/pdf\" style=\"width:100%;height:600px\" aria-label=\"Contenu embarqu\u00e9 bulletin_de_vote_Odile_Mojon_Cheminade_A_IMPRIMER_A_TAILLE_REELLE-1.\"><\/object><a id=\"wp-block-file--media-3cac6ed3-b899-4bfc-ae96-0f047f65fe63\" href=\"https:\/\/www.odilemojon.com\/wp-content\/uploads\/2024\/06\/bulletin_de_vote_Odile_Mojon_Cheminade_A_IMPRIMER_A_TAILLE_REELLE-1.pdf\">bulletin_de_vote_Odile_Mojon_Cheminade_A_IMPRIMER_A_TAILLE_REELLE-1<\/a><a href=\"https:\/\/www.odilemojon.com\/wp-content\/uploads\/2024\/06\/bulletin_de_vote_Odile_Mojon_Cheminade_A_IMPRIMER_A_TAILLE_REELLE-1.pdf\" class=\"wp-block-file__button wp-element-button\" download aria-describedby=\"wp-block-file--media-3cac6ed3-b899-4bfc-ae96-0f047f65fe63\">T\u00e9l\u00e9charger<\/a><\/div>\n\n\n\n<div data-wp-interactive=\"core\/file\" class=\"wp-block-file\"><object data-wp-bind--hidden=\"!state.hasPdfPreview\" hidden class=\"wp-block-file__embed\" data=\"https:\/\/www.odilemojon.com\/wp-content\/uploads\/2024\/06\/202406_OMC_affiche_1108x782.pdf\" type=\"application\/pdf\" style=\"width:100%;height:600px\" aria-label=\"Contenu embarqu\u00e9 202406_OMC_affiche_1108x782.\"><\/object><a id=\"wp-block-file--media-d2d8bb81-8133-4f83-abf3-2b571b42990a\" href=\"https:\/\/www.odilemojon.com\/wp-content\/uploads\/2024\/06\/202406_OMC_affiche_1108x782.pdf\">202406_OMC_affiche_1108x782<\/a><a href=\"https:\/\/www.odilemojon.com\/wp-content\/uploads\/2024\/06\/202406_OMC_affiche_1108x782.pdf\" class=\"wp-block-file__button wp-element-button\" download aria-describedby=\"wp-block-file--media-d2d8bb81-8133-4f83-abf3-2b571b42990a\">T\u00e9l\u00e9charger<\/a><\/div>\n","protected":false},"excerpt":{"rendered":"<p>Dans cette page, vous trouverez ma profession de foi, en fran\u00e7ais et en anglais (pour les pays anglophones), mon bulletin de vote, et mon affiche de campagne ainsi qu&rsquo;une version en anglais de ma profession de foi \u00e0 destination des pays anglophones. Ma profession de foi Pour les pays anglophones, version en anglais Mon bulletin [&hellip;]<\/p>\n","protected":false},"author":2,"featured_media":0,"parent":0,"menu_order":2,"comment_status":"open","ping_status":"open","template":"","meta":{"footnotes":""},"class_list":["post-217","page","type-page","status-publish","hentry"],"_links":{"self":[{"href":"https:\/\/www.odilemojon.com\/index.php?rest_route=\/wp\/v2\/pages\/217","targetHints":{"allow":["GET"]}}],"collection":[{"href":"https:\/\/www.odilemojon.com\/index.php?rest_route=\/wp\/v2\/pages"}],"about":[{"href":"https:\/\/www.odilemojon.com\/index.php?rest_route=\/wp\/v2\/types\/page"}],"author":[{"embeddable":true,"href":"https:\/\/www.odilemojon.com\/index.php?rest_route=\/wp\/v2\/users\/2"}],"replies":[{"embeddable":true,"href":"https:\/\/www.odilemojon.com\/index.php?rest_route=%2Fwp%2Fv2%2Fcomments&post=217"}],"version-history":[{"count":43,"href":"https:\/\/www.odilemojon.com\/index.php?rest_route=\/wp\/v2\/pages\/217\/revisions"}],"predecessor-version":[{"id":3957,"href":"https:\/\/www.odilemojon.com\/index.php?rest_route=\/wp\/v2\/pages\/217\/revisions\/3957"}],"wp:attachment":[{"href":"https:\/\/www.odilemojon.com\/index.php?rest_route=%2Fwp%2Fv2%2Fmedia&parent=217"}],"curies":[{"name":"wp","href":"https:\/\/api.w.org\/{rel}","templated":true}]}}