{"id":238,"date":"2012-05-11T12:45:48","date_gmt":"2012-05-11T12:45:48","guid":{"rendered":"http:\/\/www.odilemojon.fr\/?page_id=238"},"modified":"2022-05-27T02:12:11","modified_gmt":"2022-05-27T00:12:11","slug":"programme","status":"publish","type":"page","link":"https:\/\/www.odilemojon.com\/?page_id=238","title":{"rendered":"Mon projet"},"content":{"rendered":"<p><span style=\"font-family: Verdana;\">Mon projet s\u2019articule autour de deux axes principaux<\/span><\/p>\n<h3 class=\"num\u00e9rotation-1-western\"><span style=\"font-family: Verdana;\">La France dans le monde<\/span><\/h3>\n<p><span style=\"font-family: Verdana;\">En tant que membre de la Commission des Affaires \u00e9trang\u00e8res, j\u2019interviendrai dans les domaines de comp\u00e9tences de celle-ci &#8211; politique ext\u00e9rieure, coop\u00e9ration, trait\u00e9s et accords internationaux.<\/span><\/p>\n<p><span style=\"font-family: Verdana;\">Je mettrai mes efforts \u00e0 redonner \u00e0 la France un r\u00f4le de m\u00e9diateur, de catalyseur et d\u2019inspirateur d\u2019un nouvel ordre \u00e9conomique international gagnant-gagnant, par del\u00e0 les blocs politiques, nous permettant de retrouver notre rang dans le monde. C\u2019est mon premier engagement aupr\u00e8s de vous\u00a0: <strong>une France libre de vous servir sans tutelle financi\u00e8re arbitraire qui entrave sa mission<br \/>\nConvaincue que le nouveau nom de la paix est le d\u00e9veloppement mutuel il est pour moi essentiel de red\u00e9finir et d\u2019am\u00e9liorer les partenariats existants dans les domaines clefs o\u00f9 nous avons les comp\u00e9tences, mais surtout d\u2019en ouvrir de nouveaux selon les besoins et selon les pays\u00a0:<\/strong><\/span><\/p>\n<p><span style=\"font-family: Verdana;\">D\u00e9veloppement des infrastructures\u00a0:<\/span><\/p>\n<p><span style=\"font-family: Verdana;\">\u2013 <strong>eau<\/strong>\u00a0: prospection en ressources hydriques, traitement de l\u2019eau, barrages, lacs de retenue, r\u00e9seaux d\u2019eau potable\u00a0;<\/span><\/p>\n<p><span style=\"font-family: Verdana;\">\u2013 <strong>nourriture<\/strong>\u00a0: modernisation de l\u2019agriculture, viabilisation de nouvelles terres cultivables, recherches de nouvelles techniques agricoles respectueuses de l\u2019environnement, transformation agroalimentaire\u00a0;<\/span><\/p>\n<p><span style=\"font-family: Verdana;\">\u2013 <strong>\u00e9nergie<\/strong>\u00a0: nucl\u00e9aire de 4\u00e8me g\u00e9n\u00e9ration, hydro\u00e9lectrique, thermique\u00a0;<\/span><\/p>\n<p><span style=\"font-family: Verdana;\">\u2013 <strong>transport<\/strong>\u00a0: routes, rail, maritime et fluvial, percement de canaux\u00a0;<\/span><\/p>\n<p><span style=\"font-family: Verdana;\">\u2013 <strong>sant\u00e9 publique<\/strong>\u00a0: h\u00f4pitaux modernes, m\u00e9decine sentinelle pastorienne\u00a0;<\/span><\/p>\n<p><span style=\"font-family: Verdana;\">\u2013 <strong>\u00e9ducation<\/strong>\u00a0: construction d\u2019\u00e9tablissements scolaires de diff\u00e9rents niveaux et formation d\u2019un personnel enseignant de haut niveau\u00a0;<\/span><\/p>\n<p><span style=\"font-family: Verdana;\">Bien que ce premier niveau d\u2019infrastructures constitue la base de toute \u00e9conomie moderne, il ne doit pas emp\u00eacher de syst\u00e9matiser la coop\u00e9ration dans les domaines suivants\u00a0:<\/span><\/p>\n<p><span style=\"font-family: Verdana;\">\u2013 t\u00e9l\u00e9communications, r\u00e9seaux de fibre optique, transmission de donn\u00e9es\u00a0;<\/span><\/p>\n<p><span style=\"font-family: Verdana;\">\u2013 recherche scientifique, coop\u00e9ration spatiale\u00a0;<\/span><\/p>\n<p><span style=\"font-family: Verdana;\">La recherche scientifique est un domaine par excellence o\u00f9 les partenariats et la coop\u00e9ration devrait \u00eatre renforc\u00e9s. Je veillerai, en accord avec les autorit\u00e9s des pays concern\u00e9s, \u00e0 ouvrir ou renforcer des partenariats dans les domaines de pointe.<\/span><\/p>\n<p><span style=\"font-family: Verdana;\">Il est \u00e9galement un autre domaine qui me tient particuli\u00e8rement \u00e0 c\u0153ur et o\u00f9 je veillerai \u00e0 une coop\u00e9ration plus large\u00a0: l\u2019arch\u00e9ologie, l\u2019histoire des langues et des civilisations. Le Moyen-Orient et l\u2019Afrique \u00e9tant l\u2019un des creusets de la civilisation, il est particuli\u00e8rement important que nous offrions une coop\u00e9ration sur place autour de projets qui peuvent changer notre compr\u00e9hension du monde. La France est certes pr\u00e9sente dans certaines missions tr\u00e8s prometteuses, de nature \u00e0 r\u00e9volutionner ce que l\u2019on sait de l\u2019histoire de cette r\u00e9gion du monde (par exemple le site de Kerma Doukki-Gel au Soudan) mais, entre les diminution des moyens, les disparitions ou les relocalisations de certaines instituts ou centres d\u2019\u00e9tude sur le Moyen-Orient provoqu\u00e9s par la guerre en Syrie, c\u2019est un pan vital de recherche et, plus encore, de dialogue qui est fragilis\u00e9.<\/span><\/p>\n<p><span style=\"font-family: Verdana;\">Les efforts mis dans ce domaine permettront au fran\u00e7ais<strong> de retrouver naturellement son r\u00f4le de langue de mission, culturelle et diplomatique, et \u00e0 la francophonie son \u00e9lan cr\u00e9ateur<\/strong>.<\/span><\/p>\n<p>&nbsp;<\/p>\n<h3 class=\"num\u00e9rotation-1-western\"><span style=\"font-family: Verdana;\"><b>II. Ma pr\u00e9sence aupr\u00e8s des Fran\u00e7ais \u00e0 l\u2019\u00e9tranger<\/b><\/span><\/h3>\n<p>&nbsp;<\/p>\n<p><span style=\"font-family: Verdana;\">Rappelons tout d\u2019abord que <\/span>le budget du minist\u00e8re des affaires \u00e9trang\u00e8res a subi depuis 30 ans une cure d\u2019aust\u00e9rit\u00e9 qui lui a fait perdre plus de la moiti\u00e9 de ses effectifs.<\/p>\n<p><span style=\"font-family: Verdana;\">Rappelons \u00e9galement que le gouvernement d\u2019Emmanuel Macron a engag\u00e9, au nom de la r\u00e9forme de la Haute fonction publique, la disparition du Corps diplomatique rendu effectif par d\u00e9cret le 18 avril dernier.<\/span><\/p>\n<p><span style=\"font-family: Verdana;\">Je me battrai pour emp\u00eacher cette disparition et arr\u00eater l\u2019h\u00e9morragie des dotations qui entra\u00eenent la r\u00e9duction constante des moyens humains et physiques au b\u00e9n\u00e9fice des Fran\u00e7ais de l\u2019\u00e9tranger. <strong>C\u2019est la seule mani\u00e8re r\u00e9elle<\/strong>, \u00e0 laquelle je tiens personnellement, de garantir les meilleures conditions de votre vie et de votre s\u00e9curit\u00e9, pour vous m\u00eame et vos enfants, notamment en mati\u00e8re de sant\u00e9 et d\u2019\u00e9ducation.<\/span><\/p>\n<p><span style=\"font-family: Verdana;\">Bien s\u00fbr, comme chacun de mes concurrents, j\u2019aimerai vous promettre de diminuer les frais d\u2019inscription \u00e0 l\u2019\u00e9cole, de revoir les crit\u00e8res d\u2019obtention des bourses, d\u2019assurer une meilleure qualification des professeurs et d\u2019augmenter leur nombre, entre autres mesures n\u00e9cessaires.<\/span><\/p>\n<p><span style=\"font-family: Verdana;\">Cependant, mes concurrents font leurs propositions sans mettre en cause une finance qui extorque toujours plus \u00e0 ceux qui ne vivent pas du casino sp\u00e9culatif. Leurs promesses risquent donc d\u2019\u00eatre vaines. <strong>Moi, j\u2019ins\u00e8re mon engagement dans un changement de priorit\u00e9 \u00e9conomique et humaine<\/strong>. Il repose donc sur une base solide.<\/span><\/p>\n<p><span style=\"font-family: Verdana;\">Notre pr\u00e9sence ne se r\u00e9duit pas au fameux \u00ab\u00a0rayonnement\u00a0\u00bb de la France mais constitue la garantie, pour les binationaux comme pour les expatri\u00e9s, de trouver des interlocuteurs face aux difficult\u00e9s qu\u2019ils rencontrent. La France doit aussi \u00eatre garante d\u2019un haut niveau de professionnalisme avec le maintien d\u2019un r\u00e9seau diplomatique exp\u00e9riment\u00e9, ayant une connaissance approfondie des pays h\u00f4tes et notamment de leur langue. Sans cela, comment assurer la protection et la s\u00e9curit\u00e9 des Fran\u00e7ais dans des zones \u00e0 risque\u00a0? Sans cela, comment assurer un niveau de vie digne (soins m\u00e9dicaux, scolarit\u00e9, assistance juridique&#8230;) des responsabilit\u00e9s que vous devez exercer\u00a0!<\/span><\/p>\n<p><span style=\"font-family: Verdana;\">Je serai pour cela pr\u00e9sente sur place et \u00e0 Paris pour repr\u00e9senter vos int\u00e9r\u00eats et soutenir l\u2019accomplissement de vos missions, d\u2019autant plus que je serai toujours \u00e0 l\u2019\u00e9coute de ce dont vous avez besoin et ind\u00e9pendante pour mieux le d\u00e9fendre sans compromission partisane, dans l\u2019amiti\u00e9 entre la France, ses repr\u00e9sentants, ceux des pays h\u00f4tes et vous m\u00eames.<\/span><\/p>\n<p><span style=\"font-family: Verdana;\">Enfin, je m\u2019engage \u00e0 vous rendre compte tous les six mois de mon action et de la soumettre \u00e0 votre \u00e9valuation.<\/span><\/p>\n<p><span style=\"font-family: Verdana;\">C\u2019est la participation qui, pour moi, donne un sens au mot R\u00e9publique.<\/span><\/p>\n","protected":false},"excerpt":{"rendered":"<p>Mon projet s\u2019articule autour de deux axes principaux La France dans le monde En tant que membre de la Commission des Affaires \u00e9trang\u00e8res, j\u2019interviendrai dans les domaines de comp\u00e9tences de celle-ci &#8211; politique ext\u00e9rieure, coop\u00e9ration, trait\u00e9s et accords internationaux. Je mettrai mes efforts \u00e0 redonner \u00e0 la France un r\u00f4le de m\u00e9diateur, de catalyseur et [&hellip;]<\/p>\n","protected":false},"author":2,"featured_media":0,"parent":0,"menu_order":3,"comment_status":"open","ping_status":"open","template":"","meta":{"footnotes":""},"class_list":["post-238","page","type-page","status-publish","hentry"],"_links":{"self":[{"href":"https:\/\/www.odilemojon.com\/index.php?rest_route=\/wp\/v2\/pages\/238","targetHints":{"allow":["GET"]}}],"collection":[{"href":"https:\/\/www.odilemojon.com\/index.php?rest_route=\/wp\/v2\/pages"}],"about":[{"href":"https:\/\/www.odilemojon.com\/index.php?rest_route=\/wp\/v2\/types\/page"}],"author":[{"embeddable":true,"href":"https:\/\/www.odilemojon.com\/index.php?rest_route=\/wp\/v2\/users\/2"}],"replies":[{"embeddable":true,"href":"https:\/\/www.odilemojon.com\/index.php?rest_route=%2Fwp%2Fv2%2Fcomments&post=238"}],"version-history":[{"count":29,"href":"https:\/\/www.odilemojon.com\/index.php?rest_route=\/wp\/v2\/pages\/238\/revisions"}],"predecessor-version":[{"id":3774,"href":"https:\/\/www.odilemojon.com\/index.php?rest_route=\/wp\/v2\/pages\/238\/revisions\/3774"}],"wp:attachment":[{"href":"https:\/\/www.odilemojon.com\/index.php?rest_route=%2Fwp%2Fv2%2Fmedia&parent=238"}],"curies":[{"name":"wp","href":"https:\/\/api.w.org\/{rel}","templated":true}]}}