{"id":3894,"date":"2024-06-24T22:12:05","date_gmt":"2024-06-24T20:12:05","guid":{"rendered":"https:\/\/www.odilemojon.com\/?page_id=3894"},"modified":"2024-06-27T18:34:56","modified_gmt":"2024-06-27T16:34:56","slug":"moyen-orient","status":"publish","type":"page","link":"https:\/\/www.odilemojon.com\/?page_id=3894","title":{"rendered":"Moyen-Orient"},"content":{"rendered":"\n<p><\/p>\n\n\n\n<h2 class=\"wp-block-heading\">I. <a href=\"http:\/\/solidariteetprogres.fr\/spip.php?article16657=\">Le plan Oasis, de quoi s&rsquo;agit-il ?<\/a><\/h2>\n\n\n\n<p>par Karel Vereycken<\/p>\n\n\n\n<h2 class=\"wp-block-heading\">II. Palestine\u00a0: le Plan Oasis pour sortir du pi\u00e8ge g\u00e9opolitique<\/h2>\n\n\n\n<p>par mon suppl\u00e9ant, Christophe Lavernhe<\/p>\n\n\n\n<p><\/p>\n\n\n\n<p>Alors que s\u2019\u00e9gr\u00e8nent les jours sans qu\u2019aucun accord de cessez-le-feu ne soit trouv\u00e9, le sc\u00e9nario d\u2019une guerre de d\u00e9population se confirme en Palestine si les choses restent en l\u2019\u00e9tat. Chaque jour qui passe rend les conditions de survie plus impossibles \u00e0 Gaza et \u00e0 un degr\u00e9 moindre en Cisjordanie. L\u2019urgence des urgences est que les armes se taisent, n\u00e9anmoins la p\u00e9riode de \u2019l\u2019apr\u00e8s\u2019 se pr\u00e9pare d\u00e8s maintenant. Voyons en quoi l\u2019esprit du plan Oasis peut poser les bases d\u2019une paix durable dans toute la r\u00e9gion.<\/p>\n\n\n\n<p>Prisonniers d\u2019enjeux qui les d\u00e9passent, le Moyen-Orient, et particuli\u00e8rement la Palestine, vivent depuis les accords Sykes-Picot et la d\u00e9claration Balfour (1916-1917) dans une tension permanente, ponctu\u00e9e d\u2019irruptions violentes. Ils ne pourront s\u2019en sortir qu\u2019en se lib\u00e9rant de l\u2019emprise des int\u00e9r\u00eats g\u00e9opolitiques ext\u00e9rieurs \u00e0 la r\u00e9gion. Ces derniers veulent en effet y maintenir une sorte de chaos permanent, emp\u00eachant litt\u00e9ralement les nations qui la composent d\u2019exercer positivement leur souverainet\u00e9 et de coop\u00e9rer. Avant d\u2019\u00eatre assassin\u00e9, l\u2019ancien Premier ministre isra\u00e9lien Yitzhak Rabin avait fini par comprendre que toute solution \u00e0 la question palestinienne passait par un dialogue direct avec <em>\u00ab&nbsp;l\u2019ennemi&nbsp;\u00bb<\/em>, en l\u2019occurrence Yasser Arafat, le leader de l\u2019Organisation de Lib\u00e9ration de la Palestine (OLP) \u00e0 l\u2019\u00e9poque. En s\u2019entendant entre eux, les deux hommes reprenaient le contr\u00f4le de leurs destins respectifs. Au plus profond de lui-m\u00eame Yitzhak Rabin, dur parmi les durs, avait compris que l\u2019usage exclusif de la force \u00e9tait une cause perdue d\u2019avance. De m\u00eame pour Yasser Arafat, les deux hommes entamant un chemin dont les premiers jalons furent les accords d\u2019Oslo (septembre 1993) et le trait\u00e9 de paix s\u00e9par\u00e9e isra\u00e9lo-jordanien d\u2019octobre 1994.<\/p>\n\n\n\n<p><em>\u00ab&nbsp;Nous vous disons aujourd\u2019hui, haut et fort, assez de sang, assez de larmes, assez&nbsp;!&nbsp;\u00bb<\/em> martelait Rabin. Combattant de longue date, il avait acquis la conviction qu<em>\u2019\u00ab&nbsp;(\u2026) aucune nation ne peut plus seule r\u00e9soudre ses probl\u00e8mes, qu\u2019aucun pays ne peut plus se croire isol\u00e9. Chacun doit se d\u00e9faire de cette fausse impression et coop\u00e9rer avec les nations voisines et avec celles du monde entier (\u2026) J\u2019ai, \u00e0 plusieurs reprises, exprim\u00e9 mon espoir qu\u2019en cette ann\u00e9e 1994 nous parviendrons \u00e0 un accord de paix avec nos voisins arabes. Du fond du c\u0153ur, nous sommes convaincus que la paix est possible, qu\u2019elle est imp\u00e9rative, et qu\u2019elle viendra (\u2026) Tout ce que j\u2019ai dit aujourd\u2019hui, je l\u2019ai dit de bonne foi, anim\u00e9 par le d\u00e9sir profond d\u2019avancer sur une voie nouvelle, de secouer la poussi\u00e8re des conceptions p\u00e9rim\u00e9es. Toute notre politique peut se r\u00e9sumer par un verset du Livre des livres, comme il est \u00e9crit dans \u00c9z\u00e9chiel&nbsp;: \u2018Je ferai avec eux un pacte de paix, ce sera une paix \u00e9ternelle\u2019 (\u2026) Nous pensons que cette \u00e9volution ouvrira le champ de tous les possibles. Notre objectif est la paix et la s\u00e9curit\u00e9 d\u2019Isra\u00ebl et de tous les pays de la r\u00e9gion&nbsp;\u00bb<\/em> (discours prononc\u00e9 <a href=\"https:\/\/www.coe.int\/fr\/web\/about-us\/guests#{%227041208%22:[8\">le vendredi 28 janvier 1994 devant l\u2019Assembl\u00e9e du Conseil de l\u2019Europe<\/a>, en tant que Premier Ministre).<\/p>\n\n\n\n<p>Priv\u00e9s de l\u2019impulsion de Rabin et prisonniers de leurs limites intrins\u00e8ques, les accords d\u2019Oslo puis d\u2019Abraham n\u2019ont pas pu acter le partage \u00e9quitable des territoires. Les actions de cod\u00e9veloppement qui devaient s\u2019en suivre (Annexe 4 des accords) n\u2019ont pas eu lieu. Apr\u00e8s la tuerie du <em>\u00ab&nbsp;D\u00e9luge d\u2019Al Aqsa&nbsp;\u00bb<\/em>, avec les crimes de masse actuellement perp\u00e9tr\u00e9s par le gouvernement Netanyahou en r\u00e9ponse,&nbsp;peut-on retourner \u00e0 la table des n\u00e9gociations comme si de rien n\u2019\u00e9tait&nbsp;? Bien \u00e9videmment, non.<\/p>\n\n\n\n<p>Le <strong>Plan Oasis<\/strong> consiste \u00e0 restaurer un minimum de confiance en r\u00e9unissant les deux camps autour d\u2019un projet ambitieux de d\u00e9veloppement commun autour de l\u2019eau. Ce n\u2019est qu\u2019en effectuant ce rapprochement que l\u2019on pourra envisager une discussion apais\u00e9e sur les questions territoriales.<\/p>\n\n\n\n<p>Aujourd\u2019hui, faire vraiment la paix n\u00e9cessite un point de vue sup\u00e9rieur, \u00e0 m\u00eame de prendre en compte les int\u00e9r\u00eats des deux parties. Si chacun fait droit \u00e0 l\u2019autre de ses revendications l\u00e9gitimes, il ne perd rien. Au contraire les int\u00e9r\u00eats en pr\u00e9sence gagnent &#8211; sur tous les plans &#8211; \u00e0 unir leurs forces. C\u2019est ce que Madame LaRouche nomme, \u00e0 l\u2019instar du cardinal Nicolas de Cuse, <em>\u00ab&nbsp;la co\u00efncidence des oppos\u00e9s&nbsp;\u00bb.<\/em><\/p>\n\n\n\n<p>Rabin et Arafat l\u2019avaient compris, qui associaient la possibilit\u00e9 de vivre en s\u00e9curit\u00e9 \u00e0 l\u2019\u00e9tablissement d\u2019une logique de paix par le cod\u00e9veloppement entre Isra\u00ebl et ses voisins arabes.&nbsp;Il faut donc reprendre ce chemin, en allant bien plus loin.<\/p>\n\n\n\n<h3 class=\"wp-block-heading\">Un passage oblig\u00e9 pour le d\u00e9veloppement des relations Afrique\/Europe<\/h3>\n\n\n\n<p>\u00c9largissons donc l\u2019horizon, et mettons-nous en surplomb. Le Moyen-Orient, berceau des trois grandes religions abrahamiques qui l\u2019ont fa\u00e7onn\u00e9 en retour, est sur le chemin des flux marchands continentaux vers l\u2019Asie orientale et vers l\u2019Afrique.<\/p>\n\n\n\n<p>La zone qui couvre la Palestine d\u2019avant 1948, la Syrie et la Jordanie est, quant \u00e0 elle, le point de passage terrestre entre l\u2019Europe (750 millions d\u2019habitants) et l\u2019Afrique qui compte actuellement 1,3 milliards d\u2019habitants. Deuxi\u00e8me continent apr\u00e8s l\u2019Asie, l\u2019Afrique dispose de la moiti\u00e9 des terres cultivables et un tiers des ressources mini\u00e8res inexploit\u00e9es sur la plan\u00e8te, et, ce qui est le plus important, d\u2019\u00e9normes potentialit\u00e9s d\u00e9mographiques (2,7 milliards d\u2019habitants pr\u00e9vus en 2050). Autant dire qu\u2019entre l\u2019Europe et l\u2019Afrique, Isra\u00e9liens et Palestiniens sont au c\u0153ur d\u2019un futur n\u0153ud ferroviaire, \u00e9nerg\u00e9tique, civilisationnel et multiculturel de grande ampleur. Avec un axe Nord Sud, qui permettra de lib\u00e9rer le potentiel productif des territoires situ\u00e9s entre la Turquie et l\u2019\u00c9gypte (corridor \u00e9conomique Europe\/Afrique). Et un axe Est-Ouest passant plus au nord, le corridor Europe-Chine (via l\u2019Asie occidentale et l\u2019Asie centrale), qui est l\u2019une des cl\u00e9s du d\u00e9veloppement de la plate-forme continentale euro-asiatique.<\/p>\n\n\n\n<p>C\u2019est cette vision du futur eurasien et eurafricain vers une humanit\u00e9 commune qui doit nous guider d\u00e8s aujourd\u2019hui. Plut\u00f4t que de se refermer sur eux-m\u00eames dans un face-\u00e0-face mortel, les deux peuples sont appel\u00e9s \u00e0 travailler de concert pour r\u00e9pondre aux besoins qui vont se faire jour. La part qui leur revient dans la nouvelle architecture de d\u00e9veloppement et de s\u00e9curit\u00e9 propos\u00e9e par les BRICS (notamment la Chine) n\u2019est pas la moindre&nbsp;! (voir \u00e0 ce sujet les <em>\u00ab&nbsp;dix principes d\u2019une nouvelle architecture internationale de s\u00e9curit\u00e9 et de d\u00e9veloppement&nbsp;\u00bb<\/em> propos\u00e9s par Helga Zepp-LaRouche, la Pr\u00e9sidente de l\u2019Institut Schiller).&nbsp;<\/p>\n\n\n\n<h3 class=\"wp-block-heading\">L\u2019eau enjeu n\u00b01<\/h3>\n\n\n\n<p>Parmi les d\u00e9fis \u00e0 relever en plus du sort des r\u00e9fugi\u00e9s palestiniens, l\u2019approvisionnement en \u00e9nergie et en eau (les deux questions \u00e9tant li\u00e9es) est ultra-prioritaire. Ces deux ressources conditionnent la plupart des activit\u00e9s humaines, surtout dans un contexte d\u2019\u00e9l\u00e9vation significative des temp\u00e9ratures et de raccourcissement de la saison pluvieuse (allongement de la saison s\u00e8che) au Moyen-Orient.&nbsp;<\/p>\n\n\n\n<p>Au stade o\u00f9 nous en sommes, n\u00e9gocier la paix c\u2019est d\u2019abord assurer une coexistence harmonieuse du point de vue de l\u2019\u00e9conomie physique&nbsp;: la gestion de l\u2019eau donc (r\u00e9cup\u00e9ration de l\u2019eau, stockage, production d\u2019eau fra\u00eeche, assainissement, distribution) et plus g\u00e9n\u00e9ralement les grandes infrastructures \u00e0 m\u00eame de relier et d\u2019irriguer le territoire. Pour l\u2019heure et depuis plus de 50 ans, Isra\u00ebl s\u2019est efforc\u00e9 d\u2019avoir la main sur les ressources palestiniennes en eau (captage des eaux du lac de Tib\u00e9riade et du Jourdain, pr\u00e9emptions des nappes aquif\u00e8res et des sources du Golan notamment). Il s\u2019organise pareillement pour <em>\u00ab&nbsp;parrainer&nbsp;\u00bb<\/em> la future exploitation des champs gaziers appartenant aux Palestiniens (Gaza Marine 1 et 2, 35 milliards de m3 identifi\u00e9s depuis 1999 dans la Zone \u00e9conomique exclusive palestinienne), se faisant le juge-arbitre de l\u2019avanc\u00e9e des travaux et de l\u2019approvisionnement du territoire isra\u00e9lo-palestinien.<\/p>\n\n\n\n<p>Le <strong>Plan Oasis<\/strong> pr\u00e9voit une augmentation des quantit\u00e9s d\u2019eau produite par les techniques de dessalement et de r\u00e9cup\u00e9ration\/assainissement des eaux us\u00e9es. Il se d\u00e9gage d\u2019embl\u00e9e de la n\u00e9gociation in\u00e9galitaire puisqu\u2019il part d\u2019une ressource commune, dont la r\u00e9partition g\u00e9ographique se moque des fronti\u00e8res. Pour ce qui concerne les installations qui vont orienter l\u2019eau vers tel ou tel traitement, dans telle ou telle direction, le principe serait que chaque installation (usine de dessalement, canal, centre de traitement des eaux us\u00e9es, stations de pompage etc.) rel\u00e8ve de l\u2019autorit\u00e9 qui g\u00e8re le territoire en question, en accord avec les territoires voisins. Dans un deuxi\u00e8me temps, toutes les ressources en eau existantes sont affect\u00e9es \u00e0 un pot commun, \u00e0 partir duquel l\u2019eau est distribu\u00e9e au prorata des besoins r\u00e9els. Si ces <em>\u00ab&nbsp;accords&nbsp;\u00bb<\/em> font droit \u00e0 la justice, chacun verra sa souverainet\u00e9 respect\u00e9e et ses droits reconnus, ouvrant la voie \u00e0 un r\u00e8glement politique. On ne parlera alors plus d\u2019accord mais de trait\u00e9 d\u2019\u00e9tat souverain \u00e0 \u00e9tat souverain, \u00e0 moins qu\u2019\u00e0 plus ou moins long terme le choix ne soit fait d\u2019envisager une seule nation palestinienne o\u00f9 chaque citoyen ait les m\u00eames droits, qu\u2019il soit juif, musulman, chr\u00e9tien ou autre.<\/p>\n\n\n\n<p>Ce qui a \u00e9t\u00e9 fait jusqu\u2019ici par les Isra\u00e9liens (dessalement de l\u2019eau de mer par osmose invers\u00e9e, assainissement des eaux us\u00e9es, cultures hydroponiques) donne autant de cl\u00e9s pour d\u00e9velopper toute la zone, au-del\u00e0 des territoires qu\u2019il occupent, et avec en surcro\u00eet une \u00e9nergie de source nucl\u00e9aire (fournie par de petits r\u00e9acteurs modulaires, appel\u00e9s SMR). Les pays arabes de la r\u00e9gion ont \u00e0 leur tour la capacit\u00e9 d\u2019aider les Palestiniens \u00e0 participer \u00e0 l\u2019effort g\u00e9n\u00e9ral impliqu\u00e9 par le Plan Oasis, qui pr\u00e9voit en retour pour ces pays un acc\u00e8s \u00e9tendu \u00e0 l\u2019eau (Jordanie, Syrie, \u00c9gypte etc.).<\/p>\n\n\n\n<h3 class=\"wp-block-heading\">L\u2019exemple du N\u00e9guev<\/h3>\n\n\n\n<p>Le d\u00e9sert du N\u00e9guev est embl\u00e9matique des difficult\u00e9s mais aussi du potentiel des zones d\u00e9sertiques si on arrive \u00e0 les irriguer. Il repr\u00e9sente plus de 60% de la surface du territoire isra\u00e9lien, mais n\u2019abrite que 8% de sa population, dont une forte communaut\u00e9 de B\u00e9douins (des arabes isra\u00e9liens qui repr\u00e9sentent 25% de ses habitants<sup data-fn=\"e42a1f86-fb92-45e2-b0d8-a7b674f6945d\" class=\"fn\"><a href=\"#e42a1f86-fb92-45e2-b0d8-a7b674f6945d\" id=\"e42a1f86-fb92-45e2-b0d8-a7b674f6945d-link\">1<\/a><\/sup>). Les pionniers d\u2019Isra\u00ebl, Ben Gourion en t\u00eate, souhaitaient pour le N\u00e9guev un avenir verdoyant et industriel. <em>\u00ab&nbsp;Si&nbsp;nous ne parvenons pas \u00e0 vaincre le d\u00e9sert, le d\u00e9sert nous vaincra&nbsp;\u00bb<\/em> expliquait-il. En 2006, un nouveau minist\u00e8re \u00e9tait cr\u00e9\u00e9 avec la mission exclusive de refleurir le d\u00e9sert du N\u00e9guev d\u2019ici l\u2019an 2015. Shimon Peres en fut le ministre. Nous sommes en 2024 et on en est encore loin d\u2019avoir atteint l\u2019objectif fix\u00e9 pour 2015. De par son ampleur (toute la r\u00e9gion est impliqu\u00e9e et les derni\u00e8res technologies sont mises en \u0153uvre), le Plan Oasis peut, lui, relever le d\u00e9fi du N\u00e9guev. D\u00e8s que le d\u00e9luge sur Gaza cessera, il faudra sans tarder sortir les plans, les tracteurs et les pelles, prenait soin d\u2019insister Lyndon LaRouche. Et cela se pr\u00e9pare d\u00e8s maintenant, sans attendre le cessez-le-feu. Les consultations et le temps n\u00e9cessaires seront am\u00e9nag\u00e9s pour que les habitants participent aux d\u00e9cisions, \u00e9paul\u00e9s dans leur questionnement par les experts n\u00e9cessaires. Les r\u00e9alisations concr\u00e8tes et les rencontres bipartites feront avancer la reconnaissance mutuelle, cr\u00e9ant les conditions d\u2019un dialogue plus apais\u00e9.<\/p>\n\n\n\n<p>Aborder ce basculement alors qu\u2019au moment o\u00f9 nous \u00e9crivons ces lignes, les victimes civiles sont encore \u00e9cras\u00e9es sous les bombardements et affam\u00e9es par le blocus, peut sembler tout \u00e0 fait incongru. Nous pensons \u00e0 l\u2019inverse que le fait de ne rien pr\u00e9voir pour \u2019l\u2019apr\u00e8s\u2019 nous renverra au&nbsp;<em>statu quo<\/em>&nbsp;initial d\u2019un cessez-le-feu entre violence et r\u00e9signation. La m\u00e9moire des milliers de victimes isra\u00e9liennes et des dizaines de milliers de morts et de bless\u00e9s palestiniens m\u00e9rite bien autre chose&nbsp;: qu\u2019ils n\u2019aient pas soufferts en vain, que leur martyre nous donne la d\u00e9termination \u00e0 faire advenir ce monde multipolaire que la grande majorit\u00e9 des nations appellent de ses v\u0153ux. Un monde o\u00f9 chaque vie humaine est sacr\u00e9e, un monde o\u00f9 la souverainet\u00e9 des peuples est rendue possible parce que chacun prend en compte l\u2019avantage de l\u2019autre.<\/p>\n\n\n\n<p><\/p>\n\n\n<ol class=\"wp-block-footnotes\"><li id=\"e42a1f86-fb92-45e2-b0d8-a7b674f6945d\">en conflit avec les autorit\u00e9s isra\u00e9liennes qui cherchent \u00e0 les s\u00e9dentariser pour r\u00e9cup\u00e9rer les terres <a href=\"#e42a1f86-fb92-45e2-b0d8-a7b674f6945d-link\" aria-label=\"Aller \u00e0 la note de bas de page 1\">\u21a9\ufe0e<\/a><\/li><\/ol>","protected":false},"excerpt":{"rendered":"<p>I. Le plan Oasis, de quoi s&rsquo;agit-il ? par Karel Vereycken II. Palestine\u00a0: le Plan Oasis pour sortir du pi\u00e8ge g\u00e9opolitique par mon suppl\u00e9ant, Christophe Lavernhe Alors que s\u2019\u00e9gr\u00e8nent les jours sans qu\u2019aucun accord de cessez-le-feu ne soit trouv\u00e9, le sc\u00e9nario d\u2019une guerre de d\u00e9population se confirme en Palestine si les choses restent en l\u2019\u00e9tat. [&hellip;]<\/p>\n","protected":false},"author":2,"featured_media":0,"parent":0,"menu_order":0,"comment_status":"closed","ping_status":"closed","template":"page-no-sidebar","meta":{"footnotes":"[{\"content\":\"en conflit avec les autorit\u00e9s isra\u00e9liennes qui cherchent \u00e0 les s\u00e9dentariser pour r\u00e9cup\u00e9rer les terres\",\"id\":\"e42a1f86-fb92-45e2-b0d8-a7b674f6945d\"}]"},"class_list":["post-3894","page","type-page","status-publish","hentry"],"_links":{"self":[{"href":"https:\/\/www.odilemojon.com\/index.php?rest_route=\/wp\/v2\/pages\/3894","targetHints":{"allow":["GET"]}}],"collection":[{"href":"https:\/\/www.odilemojon.com\/index.php?rest_route=\/wp\/v2\/pages"}],"about":[{"href":"https:\/\/www.odilemojon.com\/index.php?rest_route=\/wp\/v2\/types\/page"}],"author":[{"embeddable":true,"href":"https:\/\/www.odilemojon.com\/index.php?rest_route=\/wp\/v2\/users\/2"}],"replies":[{"embeddable":true,"href":"https:\/\/www.odilemojon.com\/index.php?rest_route=%2Fwp%2Fv2%2Fcomments&post=3894"}],"version-history":[{"count":8,"href":"https:\/\/www.odilemojon.com\/index.php?rest_route=\/wp\/v2\/pages\/3894\/revisions"}],"predecessor-version":[{"id":3968,"href":"https:\/\/www.odilemojon.com\/index.php?rest_route=\/wp\/v2\/pages\/3894\/revisions\/3968"}],"wp:attachment":[{"href":"https:\/\/www.odilemojon.com\/index.php?rest_route=%2Fwp%2Fv2%2Fmedia&parent=3894"}],"curies":[{"name":"wp","href":"https:\/\/api.w.org\/{rel}","templated":true}]}}